{"id":75,"date":"2020-01-02T10:14:02","date_gmt":"2020-01-02T10:14:02","guid":{"rendered":"https:\/\/demo.crocoblock.com\/cardealer\/?page_id=75"},"modified":"2026-05-04T09:09:02","modified_gmt":"2026-05-04T13:09:02","slug":"home","status":"publish","type":"page","link":"https:\/\/chiloemotores.cl\/5.0\/","title":{"rendered":"Home"},"content":{"rendered":"\t\t<div data-elementor-type=\"wp-page\" data-elementor-id=\"75\" class=\"elementor elementor-75\" data-elementor-post-type=\"page\">\n\t\t\t\t<div class=\"has_eae_slider elementor-element elementor-element-e86cad3 e-con-full e-flex e-con e-parent\" data-eae-slider=\"70148\" data-id=\"e86cad3\" data-element_type=\"container\" data-e-type=\"container\" data-settings=\"{&quot;jet_parallax_layout_list&quot;:[]}\">\n\t\t\t\t<div class=\"elementor-element elementor-element-4278565 elementor-pagination-type-bullets elementor-arrows-position-inside elementor-pagination-position-outside elementor-widget elementor-widget-n-carousel\" data-id=\"4278565\" data-element_type=\"widget\" data-e-type=\"widget\" data-settings=\"{&quot;carousel_items&quot;:[{&quot;slide_title&quot;:&quot;Marcar vidrios&quot;,&quot;_id&quot;:&quot;bfb753e&quot;},{&quot;slide_title&quot;:&quot;Imagen 2&quot;,&quot;_id&quot;:&quot;3a729ce&quot;},{&quot;slide_title&quot;:&quot;Imagen 3&quot;,&quot;_id&quot;:&quot;d05bce8&quot;},{&quot;slide_title&quot;:&quot;Imagen 5&quot;,&quot;_id&quot;:&quot;e161dac&quot;},{&quot;slide_title&quot;:&quot;Imagen 2_1&quot;,&quot;_id&quot;:&quot;69d88ee&quot;},{&quot;slide_title&quot;:&quot;Imagen 2_1&quot;,&quot;_id&quot;:&quot;cbe62fb&quot;},{&quot;_id&quot;:&quot;e22be80&quot;,&quot;slide_title&quot;:&quot;Video 1&quot;},{&quot;slide_title&quot;:&quot;Imagen 4&quot;,&quot;_id&quot;:&quot;91994bf&quot;}],&quot;slides_to_show&quot;:&quot;1&quot;,&quot;slides_to_show_tablet&quot;:&quot;1&quot;,&quot;slides_to_scroll&quot;:&quot;1&quot;,&quot;slides_to_scroll_mobile&quot;:&quot;1&quot;,&quot;slides_to_show_mobile&quot;:&quot;1&quot;,&quot;autoplay&quot;:&quot;yes&quot;,&quot;autoplay_speed&quot;:5000,&quot;pause_on_hover&quot;:&quot;yes&quot;,&quot;pause_on_interaction&quot;:&quot;yes&quot;,&quot;infinite&quot;:&quot;yes&quot;,&quot;speed&quot;:500,&quot;offset_sides&quot;:&quot;none&quot;,&quot;arrows&quot;:&quot;yes&quot;,&quot;pagination&quot;:&quot;bullets&quot;,&quot;image_spacing_custom&quot;:{&quot;unit&quot;:&quot;px&quot;,&quot;size&quot;:10,&quot;sizes&quot;:[]},&quot;image_spacing_custom_tablet&quot;:{&quot;unit&quot;:&quot;px&quot;,&quot;size&quot;:&quot;&quot;,&quot;sizes&quot;:[]},&quot;image_spacing_custom_mobile&quot;:{&quot;unit&quot;:&quot;px&quot;,&quot;size&quot;:&quot;&quot;,&quot;sizes&quot;:[]}}\" data-widget_type=\"nested-carousel.default\">\n\t\t\t\t<div class=\"elementor-widget-container\">\n\t\t\t\t\t\t\t<div class=\"e-n-carousel swiper\" role=\"region\" aria-roledescription=\"carousel\" aria-label=\"Carrusel\" dir=\"ltr\">\n\t\t\t<div class=\"swiper-wrapper\" aria-live=\"off\">\n\t\t\t\t\t\t\t\t\t\t<div class=\"swiper-slide\" data-slide=\"1\" role=\"group\" aria-roledescription=\"slide\" aria-label=\"1 of 8\">\n\t\t\t\t\t\t\t<div class=\"has_eae_slider elementor-element elementor-element-90f3502 e-con-full e-flex e-con e-child\" data-eae-slider=\"32510\" data-id=\"90f3502\" data-element_type=\"container\" data-e-type=\"container\" data-settings=\"{&quot;jet_parallax_layout_list&quot;:[]}\">\n\t\t<div class=\"has_eae_slider elementor-element elementor-element-ab8874c e-con-full e-flex e-con e-child\" data-eae-slider=\"84235\" data-id=\"ab8874c\" data-element_type=\"container\" data-e-type=\"container\" data-settings=\"{&quot;background_background&quot;:&quot;classic&quot;,&quot;jet_parallax_layout_list&quot;:[]}\">\n\t\t\t\t<\/div>\n\t\t\t\t<\/div>\n\t\t\t\t\t\t\t\t<\/div>\n\t\t\t\t\t\t\t\t\t\t\t<div class=\"swiper-slide\" data-slide=\"2\" role=\"group\" aria-roledescription=\"slide\" aria-label=\"2 of 8\">\n\t\t\t\t\t\t\t<div class=\"has_eae_slider elementor-element elementor-element-b36bcdc e-con-full e-flex e-con e-child\" data-eae-slider=\"90840\" data-id=\"b36bcdc\" data-element_type=\"container\" data-e-type=\"container\" data-settings=\"{&quot;jet_parallax_layout_list&quot;:[]}\">\n\t\t<a class=\"has_eae_slider elementor-element elementor-element-1d85198 e-con-full e-flex e-con e-child\" data-eae-slider=\"3140\" data-id=\"1d85198\" data-element_type=\"container\" data-e-type=\"container\" data-settings=\"{&quot;background_background&quot;:&quot;classic&quot;,&quot;jet_parallax_layout_list&quot;:[]}\" href=\"https:\/\/www.hyundai.cl\/nuestros-modelos\">\n\t\t\t\t<\/a>\n\t\t\t\t<\/div>\n\t\t\t\t\t\t\t\t<\/div>\n\t\t\t\t\t\t\t\t\t\t\t<div class=\"swiper-slide\" data-slide=\"3\" role=\"group\" aria-roledescription=\"slide\" aria-label=\"3 of 8\">\n\t\t\t\t\t\t\t<div class=\"has_eae_slider elementor-element elementor-element-d7992e0 e-con-full e-flex e-con e-child\" data-eae-slider=\"12230\" data-id=\"d7992e0\" data-element_type=\"container\" data-e-type=\"container\" data-settings=\"{&quot;jet_parallax_layout_list&quot;:[]}\">\n\t\t<a class=\"has_eae_slider elementor-element elementor-element-87e06f9 e-con-full e-flex e-con e-child\" data-eae-slider=\"17266\" data-id=\"87e06f9\" data-element_type=\"container\" data-e-type=\"container\" data-settings=\"{&quot;background_background&quot;:&quot;classic&quot;,&quot;jet_parallax_layout_list&quot;:[]}\" href=\"https:\/\/tienda.hyundai.cl\/\">\n\t\t\t\t<\/a>\n\t\t\t\t<\/div>\n\t\t\t\t\t\t\t\t<\/div>\n\t\t\t\t\t\t\t\t\t\t\t<div class=\"swiper-slide\" data-slide=\"4\" role=\"group\" aria-roledescription=\"slide\" aria-label=\"4 of 8\">\n\t\t\t\t\t\t\t<div class=\"has_eae_slider elementor-element elementor-element-4127d76 e-con-full e-flex e-con e-child\" data-eae-slider=\"57523\" data-id=\"4127d76\" data-element_type=\"container\" data-e-type=\"container\" data-settings=\"{&quot;jet_parallax_layout_list&quot;:[]}\">\n\t\t<a class=\"has_eae_slider elementor-element elementor-element-d01be18 e-con-full e-flex e-con e-child\" data-eae-slider=\"81035\" data-id=\"d01be18\" data-element_type=\"container\" data-e-type=\"container\" data-settings=\"{&quot;background_background&quot;:&quot;classic&quot;,&quot;jet_parallax_layout_list&quot;:[]}\" href=\"https:\/\/www.hyundai.cl\/nuestros-modelos\/hibridos\">\n\t\t\t\t<\/a>\n\t\t\t\t<\/div>\n\t\t\t\t\t\t\t\t<\/div>\n\t\t\t\t\t\t\t\t\t\t\t<div class=\"swiper-slide\" data-slide=\"5\" role=\"group\" aria-roledescription=\"slide\" aria-label=\"5 of 8\">\n\t\t\t\t\t\t\t<div class=\"has_eae_slider elementor-element elementor-element-896b98f e-con-full e-flex e-con e-child\" data-eae-slider=\"69226\" data-id=\"896b98f\" data-element_type=\"container\" data-e-type=\"container\" data-settings=\"{&quot;jet_parallax_layout_list&quot;:[]}\">\n\t\t<a class=\"has_eae_slider elementor-element elementor-element-6c64e0f e-con-full e-flex e-con e-child\" data-eae-slider=\"75906\" data-id=\"6c64e0f\" data-element_type=\"container\" data-e-type=\"container\" data-settings=\"{&quot;background_background&quot;:&quot;classic&quot;,&quot;jet_parallax_layout_list&quot;:[]}\" href=\"https:\/\/www.hyundai.cl\/nuestros-modelos\/electricos\/\">\n\t\t\t\t<\/a>\n\t\t\t\t<\/div>\n\t\t\t\t\t\t\t\t<\/div>\n\t\t\t\t\t\t\t\t\t\t\t<div class=\"swiper-slide\" data-slide=\"6\" role=\"group\" aria-roledescription=\"slide\" aria-label=\"6 of 8\">\n\t\t\t\t\t\t\t<div class=\"has_eae_slider elementor-element elementor-element-9bf68b7 e-con-full e-flex e-con e-child\" data-eae-slider=\"23432\" data-id=\"9bf68b7\" data-element_type=\"container\" data-e-type=\"container\" data-settings=\"{&quot;jet_parallax_layout_list&quot;:[]}\">\n\t\t<a class=\"has_eae_slider elementor-element elementor-element-7f22355 e-con-full e-flex e-con e-child\" data-eae-slider=\"84230\" data-id=\"7f22355\" data-element_type=\"container\" data-e-type=\"container\" data-settings=\"{&quot;background_background&quot;:&quot;classic&quot;,&quot;jet_parallax_layout_list&quot;:[]}\" href=\"https:\/\/www.hyundai.cl\/hyundai40\/\">\n\t\t\t\t<\/a>\n\t\t\t\t<\/div>\n\t\t\t\t\t\t\t\t<\/div>\n\t\t\t\t\t\t\t\t\t\t\t<div class=\"swiper-slide\" data-slide=\"7\" role=\"group\" aria-roledescription=\"slide\" aria-label=\"7 of 8\">\n\t\t\t\t\t\t\t<div class=\"has_eae_slider elementor-element elementor-element-5708ad5 e-con-full e-flex e-con e-child\" data-eae-slider=\"15184\" data-id=\"5708ad5\" data-element_type=\"container\" data-e-type=\"container\" data-settings=\"{&quot;jet_parallax_layout_list&quot;:[]}\">\n\t\t<div class=\"has_eae_slider elementor-element elementor-element-bba7468 elementor-hidden-tablet elementor-hidden-mobile e-flex e-con-boxed e-con e-child\" data-eae-slider=\"37528\" data-id=\"bba7468\" data-element_type=\"container\" data-e-type=\"container\" data-settings=\"{&quot;background_background&quot;:&quot;video&quot;,&quot;background_video_link&quot;:&quot;https:\\\/\\\/www.hyundai.cl\\\/content\\\/uploads\\\/hyu-the-all-new-palisade-header-desktop-4.mp4&quot;,&quot;jet_parallax_layout_list&quot;:[]}\">\n\t\t\t\t\t<div class=\"e-con-inner\">\n\t\t<div class=\"elementor-background-video-container elementor-hidden-mobile\">\n\t\t\t\t\t\t\t<video class=\"elementor-background-video-hosted\" role=\"presentation\" autoplay muted playsinline loop><\/video>\n\t\t\t\t\t<\/div>\t\t\t<\/div>\n\t\t\t\t<\/div>\n\t\t<div class=\"has_eae_slider elementor-element elementor-element-80fc1f2 elementor-hidden-desktop elementor-hidden-mobile e-flex e-con-boxed e-con e-child\" data-eae-slider=\"56382\" data-id=\"80fc1f2\" data-element_type=\"container\" data-e-type=\"container\" data-settings=\"{&quot;background_background&quot;:&quot;video&quot;,&quot;background_video_link&quot;:&quot;https:\\\/\\\/www.hyundai.cl\\\/content\\\/uploads\\\/hyu-the-all-new-palisade-header-mobile-4.mp4&quot;,&quot;background_play_on_mobile&quot;:&quot;yes&quot;,&quot;jet_parallax_layout_list&quot;:[]}\">\n\t\t\t\t\t<div class=\"e-con-inner\">\n\t\t<div class=\"elementor-background-video-container\">\n\t\t\t\t\t\t\t<video class=\"elementor-background-video-hosted\" role=\"presentation\" autoplay muted playsinline loop><\/video>\n\t\t\t\t\t<\/div>\t\t\t<\/div>\n\t\t\t\t<\/div>\n\t\t<div class=\"has_eae_slider elementor-element elementor-element-da2e4fe elementor-hidden-desktop e-con-full elementor-hidden-tablet e-flex e-con e-child\" data-eae-slider=\"16493\" data-id=\"da2e4fe\" data-element_type=\"container\" data-e-type=\"container\" data-settings=\"{&quot;background_background&quot;:&quot;video&quot;,&quot;background_video_link&quot;:&quot;https:\\\/\\\/www.hyundai.cl\\\/content\\\/uploads\\\/hyu-the-all-new-palisade-header-mobile-4.mp4&quot;,&quot;background_play_on_mobile&quot;:&quot;yes&quot;,&quot;jet_parallax_layout_list&quot;:[]}\">\n\t\t<div class=\"elementor-background-video-container\">\n\t\t\t\t\t\t\t<video class=\"elementor-background-video-hosted\" role=\"presentation\" autoplay muted playsinline loop><\/video>\n\t\t\t\t\t<\/div>\t\t<\/div>\n\t\t\t\t<\/div>\n\t\t\t\t\t\t\t\t<\/div>\n\t\t\t\t\t\t\t\t\t\t\t<div class=\"swiper-slide\" data-slide=\"8\" role=\"group\" aria-roledescription=\"slide\" aria-label=\"8 of 8\">\n\t\t\t\t\t\t\t<div class=\"has_eae_slider elementor-element elementor-element-096c4ce e-con-full e-flex e-con e-child\" data-eae-slider=\"61156\" data-id=\"096c4ce\" data-element_type=\"container\" data-e-type=\"container\" data-settings=\"{&quot;jet_parallax_layout_list&quot;:[]}\">\n\t\t<a class=\"has_eae_slider elementor-element elementor-element-15e959e e-con-full e-flex e-con e-child\" data-eae-slider=\"72417\" data-id=\"15e959e\" data-element_type=\"container\" data-e-type=\"container\" data-settings=\"{&quot;background_background&quot;:&quot;classic&quot;,&quot;jet_parallax_layout_list&quot;:[]}\" href=\"https:\/\/chiloemotores.cl\/5.0\/servicio-tecnico-chiloemotores\/\">\n\t\t\t\t<\/a>\n\t\t\t\t<\/div>\n\t\t\t\t\t\t\t\t<\/div>\n\t\t\t\t\t\t\t\t<\/div>\n\t\t<\/div>\n\t\t\t\t\t<div class=\"elementor-swiper-button elementor-swiper-button-prev\" role=\"button\" tabindex=\"0\" aria-label=\"Anterior\">\n\t\t\t\t<i aria-hidden=\"true\" class=\"eicon-chevron-left\"><\/i>\t\t\t<\/div>\n\t\t\t<div class=\"elementor-swiper-button elementor-swiper-button-next\" role=\"button\" tabindex=\"0\" aria-label=\"Siguiente\">\n\t\t\t\t<i aria-hidden=\"true\" class=\"eicon-chevron-right\"><\/i>\t\t\t<\/div>\n\t\t\t\t\t<div class=\"swiper-pagination\"><\/div>\n\t\t\t\t\t\t<\/div>\n\t\t\t\t<\/div>\n\t\t\t\t<\/div>\n\t\t\t\t<section class=\"has_eae_slider elementor-section elementor-top-section elementor-element elementor-element-fec06b2 elementor-section-full_width elementor-section-height-default elementor-section-height-default\" data-eae-slider=\"3243\" data-id=\"fec06b2\" data-element_type=\"section\" data-e-type=\"section\" data-settings=\"{&quot;jet_parallax_layout_list&quot;:[],&quot;background_background&quot;:&quot;classic&quot;}\">\n\t\t\t\t\t\t<div class=\"elementor-container elementor-column-gap-default\">\n\t\t\t\t\t<div class=\"has_eae_slider elementor-column elementor-col-100 elementor-top-column elementor-element elementor-element-6844c72\" data-eae-slider=\"72685\" data-id=\"6844c72\" data-element_type=\"column\" data-e-type=\"column\">\n\t\t\t<div class=\"elementor-widget-wrap elementor-element-populated\">\n\t\t\t\t\t\t<div class=\"elementor-element elementor-element-771e29c elementor-widget elementor-widget-heading\" data-id=\"771e29c\" data-element_type=\"widget\" data-e-type=\"widget\" data-widget_type=\"heading.default\">\n\t\t\t\t<div class=\"elementor-widget-container\">\n\t\t\t\t\t<h2 class=\"elementor-heading-title elementor-size-default\">Chilo\u00e9 Motores: 30 A\u00f1os de Excelencia en el Mundo Automotriz<\/h2>\t\t\t\t<\/div>\n\t\t\t\t<\/div>\n\t\t\t\t<div class=\"elementor-element elementor-element-9d71eee elementor-widget elementor-widget-text-editor\" data-id=\"9d71eee\" data-element_type=\"widget\" data-e-type=\"widget\" data-widget_type=\"text-editor.default\">\n\t\t\t\t<div class=\"elementor-widget-container\">\n\t\t\t\t\t\t\t\t\t<p>Bienvenidos a Chilo\u00e9 Motores, su socio confiable en el emocionante viaje automotriz. Con tres d\u00e9cadas de dedicaci\u00f3n y pasi\u00f3n, nos enorgullece ofrecer una amplia selecci\u00f3n de veh\u00edculos<br \/>de marcas l\u00edderes como <strong>Hyundai, Mahindra, JAC, JIM, Shineray, Jeep, Fiat y Ram.<\/strong><\/p>\t\t\t\t\t\t\t\t<\/div>\n\t\t\t\t<\/div>\n\t\t\t\t\t<\/div>\n\t\t<\/div>\n\t\t\t\t\t<\/div>\n\t\t<\/section>\n\t\t\t\t<section class=\"has_eae_slider elementor-section elementor-top-section elementor-element elementor-element-0661621 elementor-section-full_width elementor-section-height-default elementor-section-height-default\" data-eae-slider=\"76722\" data-id=\"0661621\" data-element_type=\"section\" data-e-type=\"section\" data-settings=\"{&quot;jet_parallax_layout_list&quot;:[{&quot;jet_parallax_layout_image&quot;:{&quot;url&quot;:&quot;&quot;,&quot;id&quot;:&quot;&quot;,&quot;size&quot;:&quot;&quot;},&quot;_id&quot;:&quot;d78c38c&quot;,&quot;jet_parallax_layout_image_tablet&quot;:{&quot;url&quot;:&quot;&quot;,&quot;id&quot;:&quot;&quot;,&quot;size&quot;:&quot;&quot;},&quot;jet_parallax_layout_image_mobile&quot;:{&quot;url&quot;:&quot;&quot;,&quot;id&quot;:&quot;&quot;,&quot;size&quot;:&quot;&quot;},&quot;jet_parallax_layout_speed&quot;:{&quot;unit&quot;:&quot;%&quot;,&quot;size&quot;:50,&quot;sizes&quot;:[]},&quot;jet_parallax_layout_type&quot;:&quot;scroll&quot;,&quot;jet_parallax_layout_direction&quot;:&quot;1&quot;,&quot;jet_parallax_layout_fx_direction&quot;:null,&quot;jet_parallax_layout_z_index&quot;:&quot;&quot;,&quot;jet_parallax_layout_bg_x&quot;:50,&quot;jet_parallax_layout_bg_x_tablet&quot;:&quot;&quot;,&quot;jet_parallax_layout_bg_x_mobile&quot;:&quot;&quot;,&quot;jet_parallax_layout_bg_y&quot;:50,&quot;jet_parallax_layout_bg_y_tablet&quot;:&quot;&quot;,&quot;jet_parallax_layout_bg_y_mobile&quot;:&quot;&quot;,&quot;jet_parallax_layout_bg_size&quot;:&quot;auto&quot;,&quot;jet_parallax_layout_bg_size_tablet&quot;:&quot;&quot;,&quot;jet_parallax_layout_bg_size_mobile&quot;:&quot;&quot;,&quot;jet_parallax_layout_animation_prop&quot;:&quot;transform&quot;,&quot;jet_parallax_layout_on&quot;:[&quot;desktop&quot;,&quot;tablet&quot;]}]}\">\n\t\t\t\t\t\t<div class=\"elementor-container elementor-column-gap-default\">\n\t\t\t\t\t<div class=\"has_eae_slider elementor-column elementor-col-100 elementor-top-column elementor-element elementor-element-17710aa\" data-eae-slider=\"11555\" data-id=\"17710aa\" data-element_type=\"column\" data-e-type=\"column\">\n\t\t\t<div class=\"elementor-widget-wrap elementor-element-populated\">\n\t\t\t\t\t\t<div class=\"elementor-element elementor-element-7a6215a elementor-widget__width-initial elementor-widget-mobile__width-initial elementor-position-top elementor-widget elementor-widget-image-box\" data-id=\"7a6215a\" data-element_type=\"widget\" data-e-type=\"widget\" data-widget_type=\"image-box.default\">\n\t\t\t\t<div class=\"elementor-widget-container\">\n\t\t\t\t\t<div class=\"elementor-image-box-wrapper\"><figure class=\"elementor-image-box-img\"><a href=\"https:\/\/chiloemotores.cl\/5.0\/makes\/hyundai\/\" tabindex=\"-1\"><img decoding=\"async\" width=\"200\" height=\"200\" src=\"https:\/\/chiloemotores.cl\/5.0\/wp-content\/uploads\/2021\/10\/hyundai.png\" class=\"attachment-full size-full wp-image-2841\" alt=\"\" srcset=\"https:\/\/chiloemotores.cl\/5.0\/wp-content\/uploads\/2021\/10\/hyundai.png 200w, https:\/\/chiloemotores.cl\/5.0\/wp-content\/uploads\/2021\/10\/hyundai-150x150.png 150w\" sizes=\"(max-width: 200px) 100vw, 200px\" \/><\/a><\/figure><div class=\"elementor-image-box-content\"><h3 class=\"elementor-image-box-title\"><a href=\"https:\/\/chiloemotores.cl\/5.0\/makes\/hyundai\/\">Hyundai<\/a><\/h3><\/div><\/div>\t\t\t\t<\/div>\n\t\t\t\t<\/div>\n\t\t\t\t<div class=\"elementor-element elementor-element-7b281a4 elementor-widget__width-initial elementor-widget-mobile__width-initial elementor-position-top elementor-widget elementor-widget-image-box\" data-id=\"7b281a4\" data-element_type=\"widget\" data-e-type=\"widget\" data-widget_type=\"image-box.default\">\n\t\t\t\t<div class=\"elementor-widget-container\">\n\t\t\t\t\t<div class=\"elementor-image-box-wrapper\"><figure class=\"elementor-image-box-img\"><a href=\"https:\/\/chiloemotores.cl\/5.0\/makes\/mahindra\/\" tabindex=\"-1\"><img decoding=\"async\" width=\"200\" height=\"200\" src=\"https:\/\/chiloemotores.cl\/5.0\/wp-content\/uploads\/2021\/10\/mahindra.png\" class=\"attachment-full size-full wp-image-2842\" alt=\"\" srcset=\"https:\/\/chiloemotores.cl\/5.0\/wp-content\/uploads\/2021\/10\/mahindra.png 200w, https:\/\/chiloemotores.cl\/5.0\/wp-content\/uploads\/2021\/10\/mahindra-150x150.png 150w\" sizes=\"(max-width: 200px) 100vw, 200px\" \/><\/a><\/figure><div class=\"elementor-image-box-content\"><h3 class=\"elementor-image-box-title\"><a href=\"https:\/\/chiloemotores.cl\/5.0\/makes\/mahindra\/\">Mahindra<\/a><\/h3><\/div><\/div>\t\t\t\t<\/div>\n\t\t\t\t<\/div>\n\t\t\t\t<div class=\"elementor-element elementor-element-9c6b5e4 elementor-widget__width-initial elementor-widget-mobile__width-initial elementor-position-top elementor-widget elementor-widget-image-box\" data-id=\"9c6b5e4\" data-element_type=\"widget\" data-e-type=\"widget\" data-widget_type=\"image-box.default\">\n\t\t\t\t<div class=\"elementor-widget-container\">\n\t\t\t\t\t<div class=\"elementor-image-box-wrapper\"><figure class=\"elementor-image-box-img\"><a href=\"https:\/\/www.jacautoschile.cl\/\" tabindex=\"-1\"><img decoding=\"async\" width=\"200\" height=\"200\" src=\"https:\/\/chiloemotores.cl\/5.0\/wp-content\/uploads\/2025\/08\/Logo_nuevo_JAC_opt.webp\" class=\"attachment-full size-full wp-image-5257\" alt=\"\" srcset=\"https:\/\/chiloemotores.cl\/5.0\/wp-content\/uploads\/2025\/08\/Logo_nuevo_JAC_opt.webp 200w, https:\/\/chiloemotores.cl\/5.0\/wp-content\/uploads\/2025\/08\/Logo_nuevo_JAC_opt-150x150.webp 150w\" sizes=\"(max-width: 200px) 100vw, 200px\" \/><\/a><\/figure><div class=\"elementor-image-box-content\"><h3 class=\"elementor-image-box-title\"><a href=\"https:\/\/www.jacautoschile.cl\/\">JAC<\/a><\/h3><\/div><\/div>\t\t\t\t<\/div>\n\t\t\t\t<\/div>\n\t\t\t\t<div class=\"elementor-element elementor-element-5f81cc3 elementor-widget__width-initial elementor-widget-mobile__width-initial elementor-position-top elementor-widget elementor-widget-image-box\" data-id=\"5f81cc3\" data-element_type=\"widget\" data-e-type=\"widget\" data-widget_type=\"image-box.default\">\n\t\t\t\t<div class=\"elementor-widget-container\">\n\t\t\t\t\t<div class=\"elementor-image-box-wrapper\"><figure class=\"elementor-image-box-img\"><a href=\"https:\/\/jimchile.cl\/\" tabindex=\"-1\"><img loading=\"lazy\" decoding=\"async\" width=\"200\" height=\"200\" src=\"https:\/\/chiloemotores.cl\/5.0\/wp-content\/uploads\/2024\/04\/jim.png\" class=\"attachment-full size-full wp-image-4627\" alt=\"\" srcset=\"https:\/\/chiloemotores.cl\/5.0\/wp-content\/uploads\/2024\/04\/jim.png 200w, https:\/\/chiloemotores.cl\/5.0\/wp-content\/uploads\/2024\/04\/jim-150x150.png 150w\" sizes=\"(max-width: 200px) 100vw, 200px\" \/><\/a><\/figure><div class=\"elementor-image-box-content\"><h3 class=\"elementor-image-box-title\"><a href=\"https:\/\/jimchile.cl\/\">JIM<\/a><\/h3><\/div><\/div>\t\t\t\t<\/div>\n\t\t\t\t<\/div>\n\t\t\t\t<div class=\"elementor-element elementor-element-adc8c4b elementor-widget__width-initial elementor-widget-mobile__width-initial elementor-position-top elementor-widget elementor-widget-image-box\" data-id=\"adc8c4b\" data-element_type=\"widget\" data-e-type=\"widget\" data-widget_type=\"image-box.default\">\n\t\t\t\t<div class=\"elementor-widget-container\">\n\t\t\t\t\t<div class=\"elementor-image-box-wrapper\"><figure class=\"elementor-image-box-img\"><a href=\"https:\/\/shineraychile.cl\/\" tabindex=\"-1\"><img loading=\"lazy\" decoding=\"async\" width=\"200\" height=\"200\" src=\"https:\/\/chiloemotores.cl\/5.0\/wp-content\/uploads\/2024\/01\/logo_shaneray.png\" class=\"attachment-full size-full wp-image-4412\" alt=\"\" srcset=\"https:\/\/chiloemotores.cl\/5.0\/wp-content\/uploads\/2024\/01\/logo_shaneray.png 200w, https:\/\/chiloemotores.cl\/5.0\/wp-content\/uploads\/2024\/01\/logo_shaneray-150x150.png 150w\" sizes=\"(max-width: 200px) 100vw, 200px\" \/><\/a><\/figure><div class=\"elementor-image-box-content\"><h3 class=\"elementor-image-box-title\"><a href=\"https:\/\/shineraychile.cl\/\">Shineray<\/a><\/h3><\/div><\/div>\t\t\t\t<\/div>\n\t\t\t\t<\/div>\n\t\t\t\t<div class=\"elementor-element elementor-element-9665672 elementor-widget__width-initial elementor-widget-mobile__width-initial elementor-position-top elementor-widget elementor-widget-image-box\" data-id=\"9665672\" data-element_type=\"widget\" data-e-type=\"widget\" data-widget_type=\"image-box.default\">\n\t\t\t\t<div class=\"elementor-widget-container\">\n\t\t\t\t\t<div class=\"elementor-image-box-wrapper\"><figure class=\"elementor-image-box-img\"><a href=\"https:\/\/chiloemotores.cl\/5.0\/makes\/jeep\/\" tabindex=\"-1\"><img loading=\"lazy\" decoding=\"async\" width=\"200\" height=\"200\" src=\"https:\/\/chiloemotores.cl\/5.0\/wp-content\/uploads\/2021\/10\/jeep.png\" class=\"attachment-full size-full wp-image-2845\" alt=\"\" srcset=\"https:\/\/chiloemotores.cl\/5.0\/wp-content\/uploads\/2021\/10\/jeep.png 200w, https:\/\/chiloemotores.cl\/5.0\/wp-content\/uploads\/2021\/10\/jeep-150x150.png 150w\" sizes=\"(max-width: 200px) 100vw, 200px\" \/><\/a><\/figure><div class=\"elementor-image-box-content\"><h3 class=\"elementor-image-box-title\"><a href=\"https:\/\/chiloemotores.cl\/5.0\/makes\/jeep\/\">Jeep<\/a><\/h3><\/div><\/div>\t\t\t\t<\/div>\n\t\t\t\t<\/div>\n\t\t\t\t<div class=\"elementor-element elementor-element-b0f5b68 elementor-widget__width-initial elementor-widget-mobile__width-initial elementor-position-top elementor-widget elementor-widget-image-box\" data-id=\"b0f5b68\" data-element_type=\"widget\" data-e-type=\"widget\" data-widget_type=\"image-box.default\">\n\t\t\t\t<div class=\"elementor-widget-container\">\n\t\t\t\t\t<div class=\"elementor-image-box-wrapper\"><figure class=\"elementor-image-box-img\"><a href=\"https:\/\/chiloemotores.cl\/5.0\/makes\/fiat\/\" tabindex=\"-1\"><img loading=\"lazy\" decoding=\"async\" width=\"200\" height=\"200\" src=\"https:\/\/chiloemotores.cl\/5.0\/wp-content\/uploads\/2021\/10\/fiat.png\" class=\"attachment-full size-full wp-image-2849\" alt=\"\" srcset=\"https:\/\/chiloemotores.cl\/5.0\/wp-content\/uploads\/2021\/10\/fiat.png 200w, https:\/\/chiloemotores.cl\/5.0\/wp-content\/uploads\/2021\/10\/fiat-150x150.png 150w\" sizes=\"(max-width: 200px) 100vw, 200px\" \/><\/a><\/figure><div class=\"elementor-image-box-content\"><h3 class=\"elementor-image-box-title\"><a href=\"https:\/\/chiloemotores.cl\/5.0\/makes\/fiat\/\">Fiat<\/a><\/h3><\/div><\/div>\t\t\t\t<\/div>\n\t\t\t\t<\/div>\n\t\t\t\t<div class=\"elementor-element elementor-element-19962d8 elementor-widget__width-initial elementor-widget-mobile__width-initial elementor-position-top elementor-widget elementor-widget-image-box\" data-id=\"19962d8\" data-element_type=\"widget\" data-e-type=\"widget\" data-widget_type=\"image-box.default\">\n\t\t\t\t<div class=\"elementor-widget-container\">\n\t\t\t\t\t<div class=\"elementor-image-box-wrapper\"><figure class=\"elementor-image-box-img\"><a href=\"https:\/\/chiloemotores.cl\/5.0\/makes\/ram\/\" tabindex=\"-1\"><img loading=\"lazy\" decoding=\"async\" width=\"200\" height=\"200\" src=\"https:\/\/chiloemotores.cl\/5.0\/wp-content\/uploads\/2025\/02\/logos-ram_2025.webp\" class=\"attachment-full size-full wp-image-4993\" alt=\"\" srcset=\"https:\/\/chiloemotores.cl\/5.0\/wp-content\/uploads\/2025\/02\/logos-ram_2025.webp 200w, https:\/\/chiloemotores.cl\/5.0\/wp-content\/uploads\/2025\/02\/logos-ram_2025-150x150.webp 150w\" sizes=\"(max-width: 200px) 100vw, 200px\" \/><\/a><\/figure><div class=\"elementor-image-box-content\"><h3 class=\"elementor-image-box-title\"><a href=\"https:\/\/chiloemotores.cl\/5.0\/makes\/ram\/\">RAM<\/a><\/h3><\/div><\/div>\t\t\t\t<\/div>\n\t\t\t\t<\/div>\n\t\t\t\t\t<\/div>\n\t\t<\/div>\n\t\t\t\t\t<\/div>\n\t\t<\/section>\n\t\t\t\t<\/div>\n\t\t","protected":false},"excerpt":{"rendered":"<p>Chilo\u00e9 Motores: 30 A\u00f1os de Excelencia en el Mundo Automotriz Bienvenidos a Chilo\u00e9 Motores, su socio confiable en el emocionante viaje automotriz. Con tres d\u00e9cadas de dedicaci\u00f3n y pasi\u00f3n, nos enorgullece ofrecer una amplia selecci\u00f3n de veh\u00edculosde marcas l\u00edderes como Hyundai, Mahindra, JAC, JIM, Shineray, Jeep, Fiat y Ram. Hyundai Mahindra JAC JIM Shineray Jeep [&hellip;]<\/p>\n","protected":false},"author":1,"featured_media":0,"parent":0,"menu_order":0,"comment_status":"closed","ping_status":"closed","template":"elementor_header_footer","meta":{"footnotes":""},"class_list":["post-75","page","type-page","status-publish","hentry"],"_links":{"self":[{"href":"https:\/\/chiloemotores.cl\/5.0\/wp-json\/wp\/v2\/pages\/75","targetHints":{"allow":["GET"]}}],"collection":[{"href":"https:\/\/chiloemotores.cl\/5.0\/wp-json\/wp\/v2\/pages"}],"about":[{"href":"https:\/\/chiloemotores.cl\/5.0\/wp-json\/wp\/v2\/types\/page"}],"author":[{"embeddable":true,"href":"https:\/\/chiloemotores.cl\/5.0\/wp-json\/wp\/v2\/users\/1"}],"replies":[{"embeddable":true,"href":"https:\/\/chiloemotores.cl\/5.0\/wp-json\/wp\/v2\/comments?post=75"}],"version-history":[{"count":1327,"href":"https:\/\/chiloemotores.cl\/5.0\/wp-json\/wp\/v2\/pages\/75\/revisions"}],"predecessor-version":[{"id":6099,"href":"https:\/\/chiloemotores.cl\/5.0\/wp-json\/wp\/v2\/pages\/75\/revisions\/6099"}],"wp:attachment":[{"href":"https:\/\/chiloemotores.cl\/5.0\/wp-json\/wp\/v2\/media?parent=75"}],"curies":[{"name":"wp","href":"https:\/\/api.w.org\/{rel}","templated":true}]}}