{"id":2679,"date":"2021-08-19T21:52:59","date_gmt":"2021-08-20T01:52:59","guid":{"rendered":"https:\/\/www.pruebaconcesionario.cl\/?page_id=2679"},"modified":"2021-10-07T13:31:16","modified_gmt":"2021-10-07T17:31:16","slug":"repuestos","status":"publish","type":"page","link":"https:\/\/chiloemotores.cl\/5.0\/repuestos\/","title":{"rendered":"Repuestos"},"content":{"rendered":"\t\t<div data-elementor-type=\"wp-page\" data-elementor-id=\"2679\" class=\"elementor elementor-2679\" data-elementor-post-type=\"page\">\n\t\t\t\t\t\t<section class=\"has_eae_slider elementor-section elementor-top-section elementor-element elementor-element-d8de5ca elementor-section-boxed elementor-section-height-default elementor-section-height-default\" data-eae-slider=\"5439\" data-id=\"d8de5ca\" data-element_type=\"section\" data-e-type=\"section\" data-settings=\"{&quot;jet_parallax_layout_list&quot;:[{&quot;jet_parallax_layout_image&quot;:{&quot;url&quot;:&quot;&quot;,&quot;id&quot;:&quot;&quot;,&quot;size&quot;:&quot;&quot;},&quot;_id&quot;:&quot;18c53bf&quot;,&quot;jet_parallax_layout_image_tablet&quot;:{&quot;url&quot;:&quot;&quot;,&quot;id&quot;:&quot;&quot;,&quot;size&quot;:&quot;&quot;},&quot;jet_parallax_layout_image_mobile&quot;:{&quot;url&quot;:&quot;&quot;,&quot;id&quot;:&quot;&quot;,&quot;size&quot;:&quot;&quot;},&quot;jet_parallax_layout_speed&quot;:{&quot;unit&quot;:&quot;%&quot;,&quot;size&quot;:50,&quot;sizes&quot;:[]},&quot;jet_parallax_layout_type&quot;:&quot;scroll&quot;,&quot;jet_parallax_layout_direction&quot;:&quot;1&quot;,&quot;jet_parallax_layout_fx_direction&quot;:null,&quot;jet_parallax_layout_z_index&quot;:&quot;&quot;,&quot;jet_parallax_layout_bg_x&quot;:50,&quot;jet_parallax_layout_bg_x_tablet&quot;:&quot;&quot;,&quot;jet_parallax_layout_bg_x_mobile&quot;:&quot;&quot;,&quot;jet_parallax_layout_bg_y&quot;:50,&quot;jet_parallax_layout_bg_y_tablet&quot;:&quot;&quot;,&quot;jet_parallax_layout_bg_y_mobile&quot;:&quot;&quot;,&quot;jet_parallax_layout_bg_size&quot;:&quot;auto&quot;,&quot;jet_parallax_layout_bg_size_tablet&quot;:&quot;&quot;,&quot;jet_parallax_layout_bg_size_mobile&quot;:&quot;&quot;,&quot;jet_parallax_layout_animation_prop&quot;:&quot;transform&quot;,&quot;jet_parallax_layout_on&quot;:[&quot;desktop&quot;,&quot;tablet&quot;]}],&quot;background_background&quot;:&quot;classic&quot;}\">\n\t\t\t\t\t\t\t<div class=\"elementor-background-overlay\"><\/div>\n\t\t\t\t\t\t\t<div class=\"elementor-container elementor-column-gap-default\">\n\t\t\t\t\t<div class=\"has_eae_slider elementor-column elementor-col-100 elementor-top-column elementor-element elementor-element-3aa6a17\" data-eae-slider=\"30833\" data-id=\"3aa6a17\" data-element_type=\"column\" data-e-type=\"column\">\n\t\t\t<div class=\"elementor-widget-wrap elementor-element-populated\">\n\t\t\t\t\t\t<div class=\"elementor-element elementor-element-9599739 elementor-widget elementor-widget-heading\" data-id=\"9599739\" data-element_type=\"widget\" data-e-type=\"widget\" data-widget_type=\"heading.default\">\n\t\t\t\t<div class=\"elementor-widget-container\">\n\t\t\t\t\t<h2 class=\"elementor-heading-title elementor-size-default\">Repuestos<\/h2>\t\t\t\t<\/div>\n\t\t\t\t<\/div>\n\t\t\t\t\t<\/div>\n\t\t<\/div>\n\t\t\t\t\t<\/div>\n\t\t<\/section>\n\t\t\t\t<section class=\"has_eae_slider elementor-section elementor-top-section elementor-element elementor-element-9ebe8bf elementor-section-boxed elementor-section-height-default elementor-section-height-default\" data-eae-slider=\"92904\" data-id=\"9ebe8bf\" data-element_type=\"section\" data-e-type=\"section\" data-settings=\"{&quot;jet_parallax_layout_list&quot;:[{&quot;jet_parallax_layout_image&quot;:{&quot;url&quot;:&quot;&quot;,&quot;id&quot;:&quot;&quot;,&quot;size&quot;:&quot;&quot;},&quot;_id&quot;:&quot;3bf0d3e&quot;,&quot;jet_parallax_layout_image_tablet&quot;:{&quot;url&quot;:&quot;&quot;,&quot;id&quot;:&quot;&quot;,&quot;size&quot;:&quot;&quot;},&quot;jet_parallax_layout_image_mobile&quot;:{&quot;url&quot;:&quot;&quot;,&quot;id&quot;:&quot;&quot;,&quot;size&quot;:&quot;&quot;},&quot;jet_parallax_layout_speed&quot;:{&quot;unit&quot;:&quot;%&quot;,&quot;size&quot;:50,&quot;sizes&quot;:[]},&quot;jet_parallax_layout_type&quot;:&quot;scroll&quot;,&quot;jet_parallax_layout_direction&quot;:&quot;1&quot;,&quot;jet_parallax_layout_fx_direction&quot;:null,&quot;jet_parallax_layout_z_index&quot;:&quot;&quot;,&quot;jet_parallax_layout_bg_x&quot;:50,&quot;jet_parallax_layout_bg_x_tablet&quot;:&quot;&quot;,&quot;jet_parallax_layout_bg_x_mobile&quot;:&quot;&quot;,&quot;jet_parallax_layout_bg_y&quot;:50,&quot;jet_parallax_layout_bg_y_tablet&quot;:&quot;&quot;,&quot;jet_parallax_layout_bg_y_mobile&quot;:&quot;&quot;,&quot;jet_parallax_layout_bg_size&quot;:&quot;auto&quot;,&quot;jet_parallax_layout_bg_size_tablet&quot;:&quot;&quot;,&quot;jet_parallax_layout_bg_size_mobile&quot;:&quot;&quot;,&quot;jet_parallax_layout_animation_prop&quot;:&quot;transform&quot;,&quot;jet_parallax_layout_on&quot;:[&quot;desktop&quot;,&quot;tablet&quot;]}]}\">\n\t\t\t\t\t\t<div class=\"elementor-container elementor-column-gap-default\">\n\t\t\t\t\t<div class=\"has_eae_slider elementor-column elementor-col-100 elementor-top-column elementor-element elementor-element-48bd38c\" data-eae-slider=\"55041\" data-id=\"48bd38c\" data-element_type=\"column\" data-e-type=\"column\">\n\t\t\t<div class=\"elementor-widget-wrap elementor-element-populated\">\n\t\t\t\t\t\t<div class=\"elementor-element elementor-element-34329e8 elementor-widget__width-initial elementor-widget-tablet__width-initial elementor-widget-mobile__width-inherit elementor-widget elementor-widget-pafe-form-builder-field\" data-id=\"34329e8\" data-element_type=\"widget\" data-e-type=\"widget\" data-widget_type=\"pafe-form-builder-field.default\">\n\t\t\t\t<div class=\"elementor-widget-container\">\n\t\t\t\t\t\t\t\r\n\t\t<div class=\"elementor-form-fields-wrapper elementor-labels-above pafe-form-builder-field\">\r\n\t\t\t<div class=\"elementor-field-type-text elementor-field-group elementor-column elementor-field-group-nombre elementor-col-100 elementor-field-required elementor-mark-required\">\r\n\t\t\t\t<label for=\"form-field-nombre\" class=\"elementor-field-label\">Nombre y Apellido<\/label><div data-pafe-form-builder-required><\/div><div class=\"pafe-field-container\"><input size=\"1\" class=\"elementor-field elementor-size- \" type=\"text\" name=\"form_fields[nombre]\" id=\"form-field-nombre\" placeholder=\"Rellene con su Nombre\" oninvalid=\"this.setCustomValidity(&#039;Favor complete el campo&#039;)\" onchange=\"this.setCustomValidity(&#039;&#039;)\" autocomplete=\"on\" data-pafe-form-builder-default-value=\"\" value=\"\" data-pafe-form-builder-value=\"\" required=\"required\" aria-required=\"true\" data-pafe-form-builder-form-id=\"Repuestos\"><\/div>\t\t\t<\/div>\r\n\t\t<\/div>\r\n\t\t\t\t\t<\/div>\n\t\t\t\t<\/div>\n\t\t\t\t<div class=\"elementor-element elementor-element-e7842a6 elementor-widget__width-initial elementor-widget-tablet__width-initial elementor-widget-mobile__width-inherit elementor-widget elementor-widget-pafe-form-builder-field\" data-id=\"e7842a6\" data-element_type=\"widget\" data-e-type=\"widget\" data-widget_type=\"pafe-form-builder-field.default\">\n\t\t\t\t<div class=\"elementor-widget-container\">\n\t\t\t\t\t\t\t\r\n\t\t<div class=\"elementor-form-fields-wrapper elementor-labels-above pafe-form-builder-field\">\r\n\t\t\t<div class=\"elementor-field-type-email elementor-field-group elementor-column elementor-field-group-e-mail elementor-col-100\">\r\n\t\t\t\t<label for=\"form-field-e-mail\" class=\"elementor-field-label\">Correo Electronico<\/label><div data-pafe-form-builder-required><\/div><div class=\"pafe-field-container\"><input size=\"1\" class=\"elementor-field elementor-size- \" type=\"email\" name=\"form_fields[e-mail]\" id=\"form-field-e-mail\" placeholder=\"Agregue su Correo Electronico\" oninvalid=\"this.setCustomValidity(&#039;Favor complete el campo&#039;)\" onchange=\"this.setCustomValidity(&#039;&#039;)\" autocomplete=\"on\" data-pafe-form-builder-default-value=\"\" value=\"\" data-pafe-form-builder-value=\"\" data-pafe-form-builder-form-id=\"Repuestos\"><\/div>\t\t\t<\/div>\r\n\t\t<\/div>\r\n\t\t\t\t\t<\/div>\n\t\t\t\t<\/div>\n\t\t\t\t<div class=\"elementor-element elementor-element-4c877da elementor-widget__width-initial elementor-widget-tablet__width-initial elementor-widget-mobile__width-inherit elementor-widget elementor-widget-pafe-form-builder-field\" data-id=\"4c877da\" data-element_type=\"widget\" data-e-type=\"widget\" data-widget_type=\"pafe-form-builder-field.default\">\n\t\t\t\t<div class=\"elementor-widget-container\">\n\t\t\t\t\t\t\t\r\n\t\t<div class=\"elementor-form-fields-wrapper elementor-labels-above pafe-form-builder-field\">\r\n\t\t\t<div class=\"elementor-field-type-tel elementor-field-group elementor-column elementor-field-group-Telefono elementor-col-100 elementor-field-required elementor-mark-required\">\r\n\t\t\t\t<label for=\"form-field-Telefono\" class=\"elementor-field-label\">Tel\u00e9fono<\/label><div data-pafe-form-builder-required><\/div><div class=\"pafe-field-container\"><input size=\"1\" class=\"elementor-field elementor-size- \" type=\"tel\" name=\"form_fields[Telefono]\" id=\"form-field-Telefono\" placeholder=\"Agregue su tel\u00e9fono \" oninvalid=\"this.setCustomValidity(&#039;Favor complete el campo&#039;)\" onchange=\"this.setCustomValidity(&#039;&#039;)\" autocomplete=\"on\" data-pafe-form-builder-default-value=\"\" value=\"\" data-pafe-form-builder-value=\"\" required=\"required\" aria-required=\"true\" data-pafe-form-builder-form-id=\"Repuestos\" pattern=\"[0-9()#&amp;+*-=.]+\" title=\"Solo se aceptan n\u00fameros y caracteres de tel\u00e9fono (#,-,*,etc).\"><\/div>\t\t\t<\/div>\r\n\t\t<\/div>\r\n\t\t\t\t\t<\/div>\n\t\t\t\t<\/div>\n\t\t\t\t<div class=\"elementor-element elementor-element-b04cca3 elementor-widget__width-initial elementor-widget-tablet__width-initial elementor-widget-mobile__width-inherit elementor-widget elementor-widget-pafe-form-builder-field\" data-id=\"b04cca3\" data-element_type=\"widget\" data-e-type=\"widget\" data-widget_type=\"pafe-form-builder-field.default\">\n\t\t\t\t<div class=\"elementor-widget-container\">\n\t\t\t\t\t\t\t\r\n\t\t<div class=\"elementor-form-fields-wrapper elementor-labels-above pafe-form-builder-field\">\r\n\t\t\t<div class=\"elementor-field-type-text elementor-field-group elementor-column elementor-field-group-rut elementor-col-100 elementor-field-required elementor-mark-required\">\r\n\t\t\t\t<label for=\"form-field-rut\" class=\"elementor-field-label\">Rut<\/label><div data-pafe-form-builder-required><\/div><div class=\"pafe-field-container\"><input size=\"1\" class=\"elementor-field elementor-size- \" type=\"text\" name=\"form_fields[rut]\" id=\"form-field-rut\" placeholder=\"Agregue su RUT\" oninvalid=\"this.setCustomValidity(&#039;Favor complete el campo&#039;)\" onchange=\"this.setCustomValidity(&#039;&#039;)\" autocomplete=\"on\" data-pafe-form-builder-default-value=\"\" value=\"\" data-pafe-form-builder-value=\"\" required=\"required\" aria-required=\"true\" data-pafe-form-builder-form-id=\"Repuestos\"><\/div>\t\t\t<\/div>\r\n\t\t<\/div>\r\n\t\t\t\t\t<\/div>\n\t\t\t\t<\/div>\n\t\t\t\t<div class=\"elementor-element elementor-element-9de470d elementor-widget__width-initial elementor-widget-tablet__width-initial elementor-widget-mobile__width-inherit elementor-widget elementor-widget-pafe-form-builder-field\" data-id=\"9de470d\" data-element_type=\"widget\" data-e-type=\"widget\" data-widget_type=\"pafe-form-builder-field.default\">\n\t\t\t\t<div class=\"elementor-widget-container\">\n\t\t\t\t\t\t\t\r\n\t\t<div class=\"elementor-form-fields-wrapper elementor-labels-above pafe-form-builder-field\">\r\n\t\t\t<div class=\"elementor-field-type-select elementor-field-group elementor-column elementor-field-group-marca elementor-col-100 elementor-field-required elementor-mark-required\">\r\n\t\t\t\t<label for=\"form-field-marca\" class=\"elementor-field-label\">Marcas<\/label><div data-pafe-form-builder-required><\/div><div class=\"pafe-field-container\">\t\t<div class=\"elementor-field elementor-select-wrapper  pafe-select-drop-down\">\r\n\t\t\t<select name=\"form_fields[marca]\" id=\"form-field-marca\" class=\"elementor-field-textual elementor-size-\" data-pafe-field-type=\"select\" required=\"required\" aria-required=\"true\" oninvalid=\"this.setCustomValidity(&#039;Favor complete el campo&#039;)\" onchange=\"this.setCustomValidity(&#039;&#039;)\" data-pafe-form-builder-form-id=\"Repuestos\" data-pafe-form-builder-default-value=\"\" data-options='[&quot;Seleccione la Marca&quot;,&quot;Baic&quot;,&quot;Brilliance&quot;,&quot;Chrysler&quot;,&quot;Dodge&quot;,&quot;Fiat&quot;,&quot;Hyundai&quot;,&quot;Jeep&quot;,&quot;RAM&quot;,&quot;Mahindra&quot;]'  >\r\n\t\t\t\t<option value=\"Seleccione la Marca\">Seleccione la Marca<\/option><option value=\"Baic\">Baic<\/option><option value=\"Brilliance\">Brilliance<\/option><option value=\"Chrysler\">Chrysler<\/option><option value=\"Dodge\">Dodge<\/option><option value=\"Fiat\">Fiat<\/option><option value=\"Hyundai\">Hyundai<\/option><option value=\"Jeep\">Jeep<\/option><option value=\"RAM\">RAM<\/option><option value=\"Mahindra\">Mahindra<\/option>\t\t\t<\/select>\r\n\t\t<\/div>\r\n\t\t<\/div>\t\t\t<\/div>\r\n\t\t<\/div>\r\n\t\t\t\t\t<\/div>\n\t\t\t\t<\/div>\n\t\t\t\t<div class=\"elementor-element elementor-element-6885b2d elementor-widget__width-initial elementor-widget-tablet__width-initial elementor-widget-mobile__width-inherit elementor-widget elementor-widget-pafe-form-builder-field\" data-id=\"6885b2d\" data-element_type=\"widget\" data-e-type=\"widget\" data-widget_type=\"pafe-form-builder-field.default\">\n\t\t\t\t<div class=\"elementor-widget-container\">\n\t\t\t\t\t\t\t\r\n\t\t<div class=\"elementor-form-fields-wrapper elementor-labels-above pafe-form-builder-field\">\r\n\t\t\t<div class=\"elementor-field-type-text elementor-field-group elementor-column elementor-field-group-residencia elementor-col-100 elementor-field-required elementor-mark-required\">\r\n\t\t\t\t<label for=\"form-field-residencia\" class=\"elementor-field-label\">Ciudad de residencia<\/label><div data-pafe-form-builder-required><\/div><div class=\"pafe-field-container\"><input size=\"1\" class=\"elementor-field elementor-size- \" type=\"text\" name=\"form_fields[residencia]\" id=\"form-field-residencia\" placeholder=\"Ciudad de residencia\" oninvalid=\"this.setCustomValidity(&#039;Favor complete el campo&#039;)\" onchange=\"this.setCustomValidity(&#039;&#039;)\" autocomplete=\"on\" data-pafe-form-builder-default-value=\"\" value=\"\" data-pafe-form-builder-value=\"\" required=\"required\" aria-required=\"true\" data-pafe-form-builder-form-id=\"Repuestos\"><\/div>\t\t\t<\/div>\r\n\t\t<\/div>\r\n\t\t\t\t\t<\/div>\n\t\t\t\t<\/div>\n\t\t\t\t<div class=\"elementor-element elementor-element-c1e85c7 elementor-widget__width-initial elementor-widget-tablet__width-initial elementor-widget-mobile__width-inherit elementor-widget elementor-widget-pafe-form-builder-field\" data-id=\"c1e85c7\" data-element_type=\"widget\" data-e-type=\"widget\" data-widget_type=\"pafe-form-builder-field.default\">\n\t\t\t\t<div class=\"elementor-widget-container\">\n\t\t\t\t\t\t\t\r\n\t\t<div class=\"elementor-form-fields-wrapper elementor-labels-above pafe-form-builder-field\">\r\n\t\t\t<div class=\"elementor-field-type-text elementor-field-group elementor-column elementor-field-group-vin elementor-col-100 elementor-field-required elementor-mark-required\">\r\n\t\t\t\t<label for=\"form-field-vin\" class=\"elementor-field-label\">VIN <\/label><div data-pafe-form-builder-required><\/div><div class=\"pafe-field-container\"><input size=\"1\" class=\"elementor-field elementor-size- \" type=\"text\" name=\"form_fields[vin]\" id=\"form-field-vin\" placeholder=\"VIN o Chasis\" oninvalid=\"this.setCustomValidity(&#039;Favor complete el campo&#039;)\" onchange=\"this.setCustomValidity(&#039;&#039;)\" autocomplete=\"on\" data-pafe-form-builder-default-value=\"\" value=\"\" data-pafe-form-builder-value=\"\" required=\"required\" aria-required=\"true\" data-pafe-form-builder-form-id=\"Repuestos\"><\/div>\t\t\t<\/div>\r\n\t\t<\/div>\r\n\t\t\t\t\t<\/div>\n\t\t\t\t<\/div>\n\t\t\t\t<div class=\"elementor-element elementor-element-ceddf39 elementor-widget__width-initial elementor-widget-tablet__width-initial elementor-widget-mobile__width-inherit elementor-widget elementor-widget-image\" data-id=\"ceddf39\" data-element_type=\"widget\" data-e-type=\"widget\" data-widget_type=\"image.default\">\n\t\t\t\t<div class=\"elementor-widget-container\">\n\t\t\t\t\t\t\t\t\t\t\t\t\t\t\t<img fetchpriority=\"high\" decoding=\"async\" width=\"325\" height=\"157\" src=\"https:\/\/chiloemotores.cl\/5.0\/wp-content\/uploads\/2021\/09\/vinochasis.gif\" class=\"attachment-large size-large wp-image-2744\" alt=\"\" \/>\t\t\t\t\t\t\t\t\t\t\t\t\t\t\t<\/div>\n\t\t\t\t<\/div>\n\t\t\t\t<div class=\"elementor-element elementor-element-2f7acaf elementor-widget__width-initial elementor-widget-tablet__width-inherit elementor-widget-mobile__width-initial elementor-widget elementor-widget-pafe-form-builder-field\" data-id=\"2f7acaf\" data-element_type=\"widget\" data-e-type=\"widget\" data-widget_type=\"pafe-form-builder-field.default\">\n\t\t\t\t<div class=\"elementor-widget-container\">\n\t\t\t\t\t\t\t\r\n\t\t<div class=\"elementor-form-fields-wrapper elementor-labels-above pafe-form-builder-field\">\r\n\t\t\t<div class=\"elementor-field-type-textarea elementor-field-group elementor-column elementor-field-group-comentarios elementor-col-100 elementor-field-required elementor-mark-required\">\r\n\t\t\t\t<label for=\"form-field-comentarios\" class=\"elementor-field-label\">Comentarios<\/label><div data-pafe-form-builder-required><\/div><div class=\"pafe-field-container\"><textarea class=\"elementor-field  elementor-size-\" name=\"form_fields[comentarios]\" id=\"form-field-comentarios\" rows=\"10\" placeholder=\"Agregue la descripci\u00f3n del repuesto que necesita.\" required=\"required\" aria-required=\"true\" oninvalid=\"this.setCustomValidity(&#039;Favor complete el campo&#039;)\" onchange=\"this.setCustomValidity(&#039;&#039;)\" data-pafe-form-builder-default-value=\"\" data-pafe-form-builder-form-id=\"Repuestos\"><\/textarea><\/div>\t\t\t<\/div>\r\n\t\t<\/div>\r\n\t\t\t\t\t<\/div>\n\t\t\t\t<\/div>\n\t\t\t\t<div class=\"elementor-element elementor-element-ee2e1f6 elementor-widget elementor-widget-spacer\" data-id=\"ee2e1f6\" data-element_type=\"widget\" data-e-type=\"widget\" data-widget_type=\"spacer.default\">\n\t\t\t\t<div class=\"elementor-widget-container\">\n\t\t\t\t\t\t\t<div class=\"elementor-spacer\">\n\t\t\t<div class=\"elementor-spacer-inner\"><\/div>\n\t\t<\/div>\n\t\t\t\t\t\t<\/div>\n\t\t\t\t<\/div>\n\t\t\t\t<div class=\"elementor-element elementor-element-9244c86 elementor-widget elementor-widget-pafe-form-builder-submit\" data-id=\"9244c86\" data-element_type=\"widget\" data-e-type=\"widget\" data-widget_type=\"pafe-form-builder-submit.default\">\n\t\t\t\t<div class=\"elementor-widget-container\">\n\t\t\t\t\t\t\t<input type=\"hidden\" name=\"post_id\" value=\"2679\" data-pafe-form-builder-hidden-form-id=\"Repuestos\"\/>\r\n\t\t<input type=\"hidden\" name=\"form_id\" value=\"9244c86\" data-pafe-form-builder-hidden-form-id=\"Repuestos\"\/>\r\n\t\t<input type=\"hidden\" name=\"remote_ip\" value=\"216.73.217.95\" data-pafe-form-builder-hidden-form-id=\"Repuestos\"\/>\r\n\r\n\t\t\r\n\t\t\r\n\t\t\r\n\t\t\r\n\t\t<div class=\"elementor-button-wrapper\">\r\n\t\t\t<button class=\"elementor-button pafe-form-builder-button elementor-size-md\" data-pafe-submit-keyboard=\"false\" data-pafe-submit-hide=\"false\" role=\"button\" data-pafe-form-builder-required-text=\"Este campo es requerido.\" data-pafe-form-builder-submit-form-id=\"Repuestos\" data-pafe-razor-payment=\"no\" data-pafe-razor-sub=\"no\">\r\n\t\t\t\t\t\t<span class=\"elementor-button-content-wrapper\">\r\n\t\t\t<span class=\"elementor-button-text elementor-form-spinner\"><i class=\"fa fa-spinner fa-spin\"><\/i><\/span>\r\n\t\t\t\t\t\t<span class=\"elementor-button-text\">Haz clic aqu\u00ed<\/span>\r\n\t\t<\/span>\r\n\t\t\t\t\t<\/button>\r\n\t\t<\/div>\r\n\r\n\t\t\r\n\t\t                \t\t\t\t\t\t\r\n        \r\n        \t\t<div id=\"pafe-form-builder-trigger-success-Repuestos\" data-pafe-form-builder-trigger-success=\"Repuestos\" data-disable-clean-form=\"no\" style=\"display: none\"><\/div>\r\n\t\t<div id=\"pafe-form-builder-trigger-failed-Repuestos\" data-pafe-form-builder-trigger-failed=\"Repuestos\" style=\"display: none\"><\/div>\r\n\t\t<div class=\"pafe-form-builder-alert pafe-form-builder-alert--mail\">\r\n\t\t\t<div class=\"elementor-message elementor-message-success\" role=\"alert\" data-pafe-form-builder-message=\"El formulario se envi\u00f3 correctamente.\">El formulario se envi\u00f3 correctamente.<\/div>\r\n\t\t\t<div class=\"elementor-message elementor-message-danger\" role=\"alert\" data-pafe-form-builder-message=\"Ocurri\u00f3 un error.\">Ocurri\u00f3 un error.<\/div>\r\n\t\t\t<!-- <div class=\"elementor-message elementor-help-inline\" role=\"alert\">Server error. Form not sent.<\/div> -->\r\n\t\t<\/div>\r\n\t\t\t\t\t\t\t\t<\/div>\n\t\t\t\t<\/div>\n\t\t\t\t\t<\/div>\n\t\t<\/div>\n\t\t\t\t\t<\/div>\n\t\t<\/section>\n\t\t\t\t<\/div>\n\t\t","protected":false},"excerpt":{"rendered":"<p>Repuestos Haz clic aqu\u00ed El formulario se envi\u00f3 correctamente. Ocurri\u00f3 un error.<\/p>\n","protected":false},"author":1,"featured_media":0,"parent":0,"menu_order":0,"comment_status":"closed","ping_status":"closed","template":"elementor_header_footer","meta":{"footnotes":""},"class_list":["post-2679","page","type-page","status-publish","hentry"],"_links":{"self":[{"href":"https:\/\/chiloemotores.cl\/5.0\/wp-json\/wp\/v2\/pages\/2679","targetHints":{"allow":["GET"]}}],"collection":[{"href":"https:\/\/chiloemotores.cl\/5.0\/wp-json\/wp\/v2\/pages"}],"about":[{"href":"https:\/\/chiloemotores.cl\/5.0\/wp-json\/wp\/v2\/types\/page"}],"author":[{"embeddable":true,"href":"https:\/\/chiloemotores.cl\/5.0\/wp-json\/wp\/v2\/users\/1"}],"replies":[{"embeddable":true,"href":"https:\/\/chiloemotores.cl\/5.0\/wp-json\/wp\/v2\/comments?post=2679"}],"version-history":[{"count":25,"href":"https:\/\/chiloemotores.cl\/5.0\/wp-json\/wp\/v2\/pages\/2679\/revisions"}],"predecessor-version":[{"id":2830,"href":"https:\/\/chiloemotores.cl\/5.0\/wp-json\/wp\/v2\/pages\/2679\/revisions\/2830"}],"wp:attachment":[{"href":"https:\/\/chiloemotores.cl\/5.0\/wp-json\/wp\/v2\/media?parent=2679"}],"curies":[{"name":"wp","href":"https:\/\/api.w.org\/{rel}","templated":true}]}}